{"id":6610,"date":"2016-07-14T12:23:30","date_gmt":"2016-07-14T10:23:30","guid":{"rendered":"https:\/\/home.dahlhaus.us\/cpc\/?page_id=6610"},"modified":"2023-11-07T13:52:59","modified_gmt":"2023-11-07T12:52:59","slug":"agb","status":"publish","type":"page","link":"https:\/\/www.cpc.de\/?page_id=6610","title":{"rendered":"AGB"},"content":{"rendered":"[vc_row type=&#8220;full_width_background&#8220; full_screen_row_position=&#8220;middle&#8220; column_margin=&#8220;default&#8220; column_direction=&#8220;default&#8220; column_direction_tablet=&#8220;default&#8220; column_direction_phone=&#8220;default&#8220; scene_position=&#8220;center&#8220; top_padding=&#8220;30&#8243; bottom_padding=&#8220;5%&#8220; text_color=&#8220;dark&#8220; text_align=&#8220;left&#8220; row_border_radius=&#8220;none&#8220; row_border_radius_applies=&#8220;bg&#8220; overflow=&#8220;visible&#8220; overlay_strength=&#8220;0.3&#8243; gradient_direction=&#8220;left_to_right&#8220; shape_divider_position=&#8220;bottom&#8220; bg_image_animation=&#8220;none&#8220;][vc_column column_padding=&#8220;no-extra-padding&#8220; column_padding_tablet=&#8220;inherit&#8220; column_padding_phone=&#8220;inherit&#8220; column_padding_position=&#8220;all&#8220; column_element_direction_desktop=&#8220;default&#8220; column_element_spacing=&#8220;default&#8220; desktop_text_alignment=&#8220;default&#8220; tablet_text_alignment=&#8220;default&#8220; phone_text_alignment=&#8220;default&#8220; background_color_opacity=&#8220;1&#8243; background_hover_color_opacity=&#8220;1&#8243; column_backdrop_filter=&#8220;none&#8220; column_shadow=&#8220;none&#8220; column_border_radius=&#8220;none&#8220; column_link_target=&#8220;_self&#8220; column_position=&#8220;default&#8220; gradient_direction=&#8220;left_to_right&#8220; overlay_strength=&#8220;0.3&#8243; width=&#8220;1\/3&#8243; tablet_width_inherit=&#8220;default&#8220; animation_type=&#8220;default&#8220; bg_image_animation=&#8220;none&#8220; border_type=&#8220;simple&#8220; column_border_width=&#8220;none&#8220; column_border_style=&#8220;solid&#8220;][vc_column_text]\n<h3><span style=\"color: #fbbd1a;\">Allgemeine Verkaufsbedingungen der<br \/>\n<\/span><span style=\"color: #fbbd1a;\"> colorplasticchemie Albert Schleberger GmbH<\/span><\/h3>\n[\/vc_column_text][\/vc_column][vc_column column_padding=&#8220;no-extra-padding&#8220; column_padding_tablet=&#8220;inherit&#8220; column_padding_phone=&#8220;inherit&#8220; column_padding_position=&#8220;all&#8220; column_element_direction_desktop=&#8220;default&#8220; column_element_spacing=&#8220;default&#8220; desktop_text_alignment=&#8220;default&#8220; tablet_text_alignment=&#8220;default&#8220; phone_text_alignment=&#8220;default&#8220; background_color_opacity=&#8220;1&#8243; background_hover_color_opacity=&#8220;1&#8243; column_backdrop_filter=&#8220;none&#8220; column_shadow=&#8220;none&#8220; column_border_radius=&#8220;none&#8220; column_link_target=&#8220;_self&#8220; column_position=&#8220;default&#8220; gradient_direction=&#8220;left_to_right&#8220; overlay_strength=&#8220;0.3&#8243; width=&#8220;2\/3&#8243; tablet_width_inherit=&#8220;default&#8220; animation_type=&#8220;default&#8220; bg_image_animation=&#8220;none&#8220; border_type=&#8220;simple&#8220; column_border_width=&#8220;none&#8220; column_border_style=&#8220;solid&#8220;][vc_column_text]<b>1. Geltungsbereich\u00a0<\/b><br \/>\nDie allgemeinen Verkaufsbedingungen der Firma colorplasticchemie Albert Schleberger GmbH &#8211; nachfolgend cpc genannt &#8211; gelten ausschlie\u00dflich. cpc erkennt entgegenstehende oder von diesen Verkaufsbedingungen abweichende Bedingungen des Bestellers nicht an, es sei denn, cpc h\u00e4tte ausschlie\u00dflich schriftlich ihrer Geltung zugestimmt. Die Verkaufsbedingungen gelten auch dann, wenn cpc in Kenntnis entgegenstehender oder von unseren Verkaufsbedingungen abweichender Bedingungen des Bestellers die Lieferung an den Besteller vorbehaltlos ausf\u00fchrt. Alle Angebote, Angebotsannahmen, Auftragsbest\u00e4tigungen und der Verkauf jeglicher Produkte von cpc unterliegen diesen Verkaufsbedingungen. Etwaige irrtumsbedingte Fehler in den Prospekten, Preislisten, Angebotsunterlagen oder sonstigen Dokumentationen von cpc d\u00fcrfen von uns berichtigt werden, ohne dass wir f\u00fcr etwaige Sch\u00e4den aus diesen Fehlern verantwortlich sind. Alle Vereinbarungen zwischen cpc und dem Besteller zum Zwecke der Ausf\u00fchrung dieses Vertrages sind schriftlich niederzulegen. Die Verkaufsbedingungen gelten nur gegen\u00fcber Personen, die bei Abschluss des Vertrages in Aus\u00fcbung ihrer gewerblicher oder selbstst\u00e4ndigen beruflichen T\u00e4tigkeit handeln (Unternehmen) und juristischen Personen des \u00f6ffentlichen Rechts; sie gelten in der jeweils g\u00fcltigen Fassung auch f\u00fcr alle k\u00fcnftigen Gesch\u00e4fte mit dem Besteller.<\/p>\n<p><b>2. Angebot\u00a0<\/b><br \/>\nDas Angebot von cpc ist freibleibend, sofern sich aus der Auftragsbest\u00e4tigung nichts anderes ergibt. Annahmeerkl\u00e4rungen bed\u00fcrfen zur Rechtswirksamkeit der schriftlichen oder fernschriftlichen Best\u00e4tigung unsererseits. An Abbildungen, Zeichnungen, Kalkulationen und sonstigen Unterlagen beh\u00e4lt sich cpc Eigentums- und Urheberrechte vor. Die Unterlagen d\u00fcrfen Dritten nicht zug\u00e4nglich gemacht werden. Dies gilt insbesondere f\u00fcr schriftliche Unterlagen, die von cpc als vertraulich bezeichnet sind. Vor der Weiterleitung vertraulicher Angebotsunterlagen an Dritte hat der Besteller unsere ausdr\u00fcckliche schriftliche Zustimmung einzuholen.<\/p>\n<p><b>3. Preise und Zahlungsbedingungen\u00a0<\/b><br \/>\nSofern sich aus der Auftragsbest\u00e4tigung nichts anderes ergibt, gelten die Preise von cpc \u201eab Werk\u201c. Die Preise von cpc gelten ausschlie\u00dflich der gesondert zu berechnenden Fracht- und Verpackungskosten. Es gelten die Preise der jeweils ver\u00f6ffentlichten aktuellen Preislisten zum Zeitpunkt der Bestellung. cpc beh\u00e4lt sich das Recht vor, die Preise entsprechend zu \u00e4ndern, wenn nach Abschluss des Vertrages Kostensenkungen oder Kostenerh\u00f6hungen, insbesondere aufgrund von Tarifabschl\u00fcssen, Materialpreissteigerungen, Wechselkursschwankungen oder Zoll\u00e4nderungen eintreten. Diese wird cpc dem Besteller auf Verlangen nachweisen. Die gesetzliche Mehrwertsteuer ist nicht in unseren Preisen enthalten. Sie wird in gesetzlicher H\u00f6he am Tag der Rechnungsstellung in der Rechnung gesondert ausgewiesen. Sofern sich aus der Auftragsbest\u00e4tigung nichts anderes ergibt, ist der Kaufpreis ohne Abzug innerhalb von 30 Tagen ab Rechnungsdatum f\u00e4llig. Ger\u00e4t der Besteller in Zahlungsverzug, ist cpc berechtigt, Verzugszinsen in H\u00f6he von 10 % p.a. \u00fcber dem jeweiligen Basiszinssatz nach \u00a7 1 des Diskontsatz-\u00dcberleitungs-Gesetzes zu fordern. Falls cpc in der Lage ist, einen h\u00f6heren Verzugsschaden nachzuweisen, ist cpc berechtigt, diesen geltend zu machen. Der Besteller ist seinerseits berechtigt, cpc nachzuweisen, dass uns infolge des Zahlungsverzugs kein oder ein wesentlich geringerer Schaden entstanden ist. Zahlungen sollen stets durch Bank\u00fcberweisung erfolgen; Wechsel- und Scheckzahlungen werden nicht als Erf\u00fcllung der Zahlungspflicht anerkannt. Aufrechnungsrechte stehen dem Besteller nur zu, wenn seine Gegenanspr\u00fcche rechtskr\u00e4ftig festgestellt, unbestritten oder von cpc schriftlich anerkannt sind. Wegen bestrittener Gegenanspr\u00fcche steht dem Besteller kein Zur\u00fcckbehaltungsrecht zu.<\/p>\n<p><b>4. Lieferzeit\u00a0<\/b><br \/>\nDer Beginn der von uns angegebenen Lieferfrist setzt die Abkl\u00e4rung aller technischen Fragen voraus. Die Einhaltung unserer Lieferverpflichtung setzt weiter die rechtzeitige und ordnungsgem\u00e4\u00dfe Erf\u00fcllung der vereinbarten Verpflichtungen des Bestellers voraus. Die Einrede des nicht erf\u00fcllten Vertrages bleibt cpc vorbehalten. Kommt der Besteller in Annahmeverzug oder verletzt er sonstige Mitwirkungspflichten, so ist cpc berechtigt, den insoweit entstehenden Schaden, einschlie\u00dflich etwaiger Mehraufwendungen ersetzt zu verlangen. cpc beh\u00e4lt sich weitergehende Anspr\u00fcche vor. Sofern die Voraussetzungen von Abs. 3 dieser Bestimmung vorliegen, geht die Gefahr eines zuf\u00e4lligen Untergangs oder einer zuf\u00e4lligen Verschlechterung der Kaufsache in dem Zeitpunkt auf den Besteller \u00fcber, in dem dieser in Annahme- oder Schuldnerverzug geraten ist. cpc haftet nach den gesetzlichen Bestimmungen, soweit der zugrundeliegende Kaufvertrag ein Fixgesch\u00e4ft im Sinne von \u00a7 376 HGB ist. cpc haftet auch nach den gesetzlichen Bestimmungen, sofern als Folge eines von cpc zu vertretenden Lieferverzuges der Besteller berechtigt ist geltend zu machen, dass sein Interesse an der weiteren Vertragserf\u00fcllung entfallen ist. cpc haftet ferner nach den gesetzlichen Bestimmungen, sofern der Lieferverzug auf einer von uns zu vertretenden vors\u00e4tzlichen oder grob fahrl\u00e4ssigen Vertragsverletzung beruht; ein Verschulden unserer Vertreter oder Erf\u00fcllungsgehilfen ist cpc zuzurechnen. Sofern der Lieferverzug nicht auf einer von cpc zu vertretenden vors\u00e4tzlichen Vertragsverletzung beruht, ist unsere Schadenersatzhaftung begrenzt auf den vorhersehbaren, typischerweise eintretenden Schaden. cpc haftet auch nach den gesetzlichen Bestimmungen, soweit der von cpc zu vertretende Lieferverzug auf der schuldhaften Verletzung einer wesentlichen Vertragspflicht beruht; in diesem Fall ist aber die Schadenersatzhaftung auf den vorhersehbaren, typischerweise eintretenden Schaden begrenzt. Sofern der Lieferverzug lediglich auf einer schuldhaften Verletzung einer nicht wesentlichen Vertragspflicht beruht, ist der Besteller berechtigt, f\u00fcr jede vollendete Woche Verzug eine pauschalierte Verzugsentsch\u00e4digung in H\u00f6he von 3 % des Lieferwertes, maximal jedoch nicht mehr als 15 % des Lieferwertes zu verlangen.<\/p>\n<p><b>5. Gefahren\u00fcbergang und Verpackungskosten\u00a0<\/b><br \/>\nSofern sich aus der Auftragsbest\u00e4tigung nichts anderes ergibt, ist Lieferung \u201eab Werk\u201c vereinbart. Transport- und alle sonstigen Verpackungen nach Ma\u00dfgabe der Verpackungsordnung werden von cpc nicht zur\u00fcckgenommen; ausgenommen sind Paletten. Der Besteller ist verpflichtet, f\u00fcr eine Entsorgung der Verpackungen auf eigene Kosten zu sorgen. Sofern der Besteller es w\u00fcnscht, wird cpc die Lieferung durch eine Transportversicherung eindecken; die insoweit anfallenden Kosten tr\u00e4gt der Besteller.<\/p>\n<p><b>6. Gew\u00e4hrleistung, Haftung\u00a0<\/b><br \/>\nDer Besteller ist verpflichtet, die gelieferte Ware auf offensichtliche M\u00e4ngel, die einem durchschnittlichen Kunden ohne weiteres auffallen, zu untersuchen. Zu den offensichtlichen M\u00e4ngel z\u00e4hlen auch erhebliche, leichtsichtbare Besch\u00e4digungen der Ware. Ferner fallen F\u00e4lle darunter, in denen eine andere Sache oder eine zu geringe Menge geliefert worden ist. Solche offensichtlichen M\u00e4ngel sind bei cpc innerhalb von vier Wochen nach Lieferung schriftlich zu r\u00fcgen. M\u00e4ngel, die erst sp\u00e4ter offensichtlich werden, m\u00fcssen bei cpc innerhalb von vier Wochen nach dem Erkennen durch den Besteller ger\u00fcgt werden. Bei Verletzung der Untersuchungs- und R\u00fcgepflicht gilt die Ware in Ansehung des betreffenden Mangels als genehmigt. Soweit ein von cpc zu vertretender Mangel der Kaufsache vorliegt, kann der Besteller nach seiner Wahl kostenfrei Nacherf\u00fcllung, das hei\u00dft Nachbesserung oder Nachlieferung verlangen. cpc kann die vom Besteller gew\u00e4hlte Art der Nacherf\u00fcllung verweigern, wenn die Erf\u00fcllung unm\u00f6glich ist oder einen unzumutbaren Aufwand erfordert oder mit unverh\u00e4ltnism\u00e4\u00dfig hohen Kosten verbunden ist. Solange cpc der Nacherf\u00fcllungspflicht, insbesondere zur Behebung von M\u00e4ngeln oder zur Lieferung einer mangelfreien Sache, nachkommt und die Nacherf\u00fcllung nicht fehlgeschlagen ist, hat der Besteller kein Recht, eine Herabsetzung der Verg\u00fctung zu verlangen oder den R\u00fccktritt vom Vertrag zu erkl\u00e4ren. Im Falle der Ersatzlieferung ist der Besteller verpflichtet, cpc die mangelhafte Sache zur\u00fcckzugew\u00e4hren. Ist cpc zur Nacherf\u00fcllung nicht in der Lage, insbesondere verz\u00f6gert sich diese \u00fcber angemessene Fristen hinaus aus Gr\u00fcnden, die cpc zu vertreten hat, oder schl\u00e4gt in sonstiger Weise die Nacherf\u00fcllung fehl, so ist der Besteller nach seiner Wahl berechtigt, den Kaufpreis angemessen zu mindern oder vom Vertrag zur\u00fcckzutreten. cpc schlie\u00dft jede weitere Haftung f\u00fcr leicht fahrl\u00e4ssige Pflichtverletzungen aus, sofern diese keine vertragswesentlichen Pflichten, Sch\u00e4den aus der Verletzung des Lebens, des K\u00f6rpers oder der Gesundheit oder Garantien betreffen oder Anspr\u00fcche nach dem Produkthaftungsgesetz ber\u00fchrt sind. Gleiches gilt f\u00fcr Pflichtverletzungen unserer Erf\u00fcllungsgehilfen. Die H\u00f6he der Ersatzpflicht ist auf den typischerweise vorhersehbaren Schaden begrenzt. Alle Angaben hat cpc sorgf\u00e4ltig zusammengestellt. Sie entsprechen dem aktuellen Stand zum Zeitpunkt der Ver\u00f6ffentlichung. Aufgrund eventuell notweniger technischer \u00c4nderung k\u00f6nnen sich jedoch Abweichungen ergeben. Eine Haftung f\u00fcr Sch\u00e4den, die durch falsche technische Angaben des Bestellers entstehen, ist ausdr\u00fccklich ausgeschlossen. Durch die Herstellung bedingte Abweichungen in Mengen, Inhalten, Dicken, Gewichten und Farbt\u00f6nen sind im Rahmen der branchen\u00fcblichen Toleranzen zul\u00e4ssig. Wir behalten uns eine \u00dcber- bzw. Unterlieferung in der H\u00f6he von 10% vor. Lieferungen in typkonformer Verkaufsware, wobei unsere Angaben dem Mittelwert entsprechen. Abweichungen der \u00fcblichen Toleranz bleiben vorbehalten. Insbesondere dann, wenn diese Abweichungen auf Grund von Rohmaterialien von Vorlieferanten entstehen. Alle von cpc herausgegebenen und verbreiteten technischen Daten, Erl\u00e4uterungen und Anweisungen bez\u00fcglich der Verwendungsarten sind vom Besteller zu beachten. Die Gew\u00e4hrleistungsfrist betr\u00e4gt 12 Monate ab dem Zeitpunkt des Gefahr\u00fcbergangs. Diese Frist ist eine Verj\u00e4hrungsfrist und gilt f\u00fcr alle Anspr\u00fcche, in denen sich ein Recht aus der Mangelhaftigkeit der Sache oder Leistung selbst ergibt.<\/p>\n<p><b>7. Eigentumsvorbehalt\u00a0<\/b><br \/>\nUngeachtet der Lieferung und des Gefahren\u00fcbergangs beh\u00e4lt sich cpc das Eigentum an der Kaufsache bis zum Eingang aller Zahlungen aus der Gesch\u00e4ftsverbindung mit dem Besteller vor. Bei vertragswidrigem Verhalten des Bestellers, insbesondere bei Zahlungsverzug, ist cpc berechtigt, die Kaufsache zur\u00fcckzunehmen. In der Zur\u00fccknahme der Kaufsache durch cpc liegt kein R\u00fccktritt vom Vertrag, es sei denn, cpc h\u00e4tte dies ausdr\u00fccklich schriftlich erkl\u00e4rt. In der Pf\u00e4ndung der Kaufsache durch cpc liegt stets ein R\u00fccktritt vom Vertrag. cpc ist nach R\u00fccknahme der Kaufsache zu deren Verwertung befugt, der Verwertungserl\u00f6s ist auf die Verbindlichkeiten des Bestellers &#8211; abz\u00fcglich angemessener Verwertungskosten &#8211; anzurechnen. Der Besteller ist verpflichtet, die Kaufsache pfleglich zu behandeln; insbesondere ist er verpflichtet, diese auf eigene Kosten gegen Feuer-, Wasser- und Diebstahlsch\u00e4den ausreichend zum Neuwert zu versichern. Sofern Wartungs- und Inspektionsarbeiten erforderlich sind, muss der Besteller diese auf eigene Kosten rechtzeitig durchf\u00fchren. Bei Pf\u00e4ndungen oder sonstigen Eingriffen Dritter hat der Besteller cpc unverz\u00fcglich schriftlich zu benachrichtigen, damit cpc Drittwiderspruchsklage gem\u00e4\u00df \u00a7 771 ZPO erheben kann. Soweit der Dritte nicht in der Lage ist, cpc die Kosten einer Klage gem\u00e4\u00df \u00a7 771 ZPO zu erstatten, haftet der Besteller f\u00fcr den cpc entstandenen Ausfall. Der Besteller ist berechtigt, die Kaufsache im ordentlichen Gesch\u00e4ftsgang weiter zu verkaufen; er tritt cpc jedoch bereits jetzt alle Forderungen in H\u00f6he des Faktura- Endbetrages (einschlie\u00dflich MwSt.) der Forderung von cpc ab, die ihm aus der Weiterver\u00e4u\u00dferung gegen seine Abnehmer oder Dritte erwachsen, und zwar unabh\u00e4ngig davon, ob die Kaufsache ohne oder nach Vereinbarung weiter verkauft worden ist. Zur Einziehung dieser Forderung bleibt der Besteller auch nach der Abtretung erm\u00e4chtigt. Die Befugnis von cpc, die Forderung selbst einzuziehen, bleibt hiervon unber\u00fchrt. cpc verpflichtet sich jedoch, die Forderung nicht einzuziehen, solange der Besteller seinen Zahlungsverpflichtungen aus den vereinnahmten Erl\u00f6sen nachkommt, nicht in Zahlungsverzug ger\u00e4t und insbesondere kein Antrag auf Er\u00f6ffnung des Insolvenzverfahrens gestellt ist oder Zahlungseinstellung vorliegt. Ist aber dies der Fall, kann cpc verlangen, dass der Besteller cpc die abgetretenen Forderungen und deren Schuldner bekannt gibt, alle zum Einzug erforderlichen Angaben macht, die dazugeh\u00f6rigen Unterlagen aush\u00e4ndigt und den Schuldnern (Dritten) die Abtretung mitteilt. Jede Verarbeitung oder Umbildung der Kaufsache durch den Besteller wird f\u00fcr cpc vorgenommen. Wird die Kaufsache mit anderen, cpc nicht geh\u00f6renden Gegenst\u00e4nden verarbeitet, so erwirbt cpc das Miteigentum an der neuen Sache im Verh\u00e4ltnis des Wertes der Kaufsache zu den anderen verarbeiteten Gegenst\u00e4nden zur Zeit der Verarbeitung. F\u00fcr die durch Verarbeitung entstehende Sache gilt im \u00dcbrigen das gleiche wie f\u00fcr die unter Vorbehalt gelieferte Kaufsache. Wird die Kaufsache mit anderen, cpc nicht geh\u00f6renden Gegenst\u00e4nden untrennbar vermischt, so erwirbt cpc das Miteigentum an der neuen Sache im Verh\u00e4ltnis des Wertes der Kaufsache zu den anderen vermischten Gegenst\u00e4nden zum Zeitpunkt der Vermischung. Erfolgt die Vermischung in der Weise, dass die Sache des Bestellers als Hauptsache anzusehen ist, so gilt als vereinbart, dass der Besteller cpc anteilm\u00e4\u00dfig Miteigentum \u00fcbertr\u00e4gt. Der Besteller verwahrt das so entstandene Alleineigentum oder Miteigentum f\u00fcr cpc. Der Besteller tritt cpc auch die Forderungen zur Sicherung unserer Forderungen gegen ihn ab, die durch die Verbindung der Kaufsache mit einem Grundst\u00fcck gegen einen Dritten erwachsen. cpc ist verpflichtet, die Sicherheiten auf Verlangen des Bestellers insoweit freizugeben, als der realisierbare Wert unserer Sicherheiten die zu sichernden Forderungen um mehr als 10 % \u00fcbersteigt; die Auswahl der freizugebenden Sicherheiten obliegt cpc.<\/p>\n<p><b>8. Gerichtsstand, anzuwendendes Recht\u00a0<\/b><br \/>\nSofern der Besteller Vollkaufmann ist, ist Gesch\u00e4ftssitz von cpc Gerichtsstand; cpc ist jedoch berechtigt, den Besteller auch an seinem f\u00fcr den Gesch\u00e4ftssitz zust\u00e4ndigen Gerichts zu verklagen. F\u00fcr alle rechtlichen Beziehungen und Rechtsstreitigkeiten zwischen den Vertragsparteien gilt ausschlie\u00dflich das bundesdeutsche Recht.<\/p>\n<p>Remscheid, M\u00e4rz 2015<\/p>\n<p>colorplasticchemie, Albert Schleberger GmbH[\/vc_column_text][\/vc_column][\/vc_row]\n","protected":false},"excerpt":{"rendered":"<p>[vc_row type=&#8220;full_width_background&#8220; full_screen_row_position=&#8220;middle&#8220; column_margin=&#8220;default&#8220; column_direction=&#8220;default&#8220; column_direction_tablet=&#8220;default&#8220; column_direction_phone=&#8220;default&#8220; scene_position=&#8220;center&#8220; top_padding=&#8220;30&#8243; bottom_padding=&#8220;5%&#8220; text_color=&#8220;dark&#8220; text_align=&#8220;left&#8220; row_border_radius=&#8220;none&#8220; row_border_radius_applies=&#8220;bg&#8220; overflow=&#8220;visible&#8220; overlay_strength=&#8220;0.3&#8243; gradient_direction=&#8220;left_to_right&#8220; shape_divider_position=&#8220;bottom&#8220; bg_image_animation=&#8220;none&#8220;][vc_column column_padding=&#8220;no-extra-padding&#8220; column_padding_tablet=&#8220;inherit&#8220; column_padding_phone=&#8220;inherit&#8220; column_padding_position=&#8220;all&#8220; column_element_direction_desktop=&#8220;default&#8220; column_element_spacing=&#8220;default&#8220; desktop_text_alignment=&#8220;default&#8220; tablet_text_alignment=&#8220;default&#8220; phone_text_alignment=&#8220;default&#8220; background_color_opacity=&#8220;1&#8243; background_hover_color_opacity=&#8220;1&#8243;&#8230;<\/p>\n","protected":false},"author":2,"featured_media":0,"parent":0,"menu_order":0,"comment_status":"closed","ping_status":"closed","template":"","meta":{"footnotes":""},"class_list":["post-6610","page","type-page","status-publish"],"_links":{"self":[{"href":"https:\/\/www.cpc.de\/index.php?rest_route=\/wp\/v2\/pages\/6610","targetHints":{"allow":["GET"]}}],"collection":[{"href":"https:\/\/www.cpc.de\/index.php?rest_route=\/wp\/v2\/pages"}],"about":[{"href":"https:\/\/www.cpc.de\/index.php?rest_route=\/wp\/v2\/types\/page"}],"author":[{"embeddable":true,"href":"https:\/\/www.cpc.de\/index.php?rest_route=\/wp\/v2\/users\/2"}],"replies":[{"embeddable":true,"href":"https:\/\/www.cpc.de\/index.php?rest_route=%2Fwp%2Fv2%2Fcomments&post=6610"}],"version-history":[{"count":5,"href":"https:\/\/www.cpc.de\/index.php?rest_route=\/wp\/v2\/pages\/6610\/revisions"}],"predecessor-version":[{"id":7549,"href":"https:\/\/www.cpc.de\/index.php?rest_route=\/wp\/v2\/pages\/6610\/revisions\/7549"}],"wp:attachment":[{"href":"https:\/\/www.cpc.de\/index.php?rest_route=%2Fwp%2Fv2%2Fmedia&parent=6610"}],"curies":[{"name":"wp","href":"https:\/\/api.w.org\/{rel}","templated":true}]}}